{"id":94,"date":"2025-05-07T18:12:11","date_gmt":"2025-05-07T18:12:11","guid":{"rendered":"https:\/\/darkblue-pheasant-639804.hostingersite.com\/?page_id=94"},"modified":"2025-05-07T22:08:34","modified_gmt":"2025-05-07T22:08:34","slug":"progescom","status":"publish","type":"page","link":"https:\/\/sogesti.dev\/apps1\/progescom\/","title":{"rendered":"ProGescom"},"content":{"rendered":"\n<figure class=\"wp-block-image size-large\"><img fetchpriority=\"high\" decoding=\"async\" width=\"1024\" height=\"648\" src=\"http:\/\/sogesti.dev\/apps1\/wp-content\/uploads\/2025\/05\/POS9-1024x648.png\" alt=\"\" class=\"wp-image-117\" srcset=\"https:\/\/sogesti.dev\/apps1\/wp-content\/uploads\/2025\/05\/POS9-1024x648.png 1024w, https:\/\/sogesti.dev\/apps1\/wp-content\/uploads\/2025\/05\/POS9-300x190.png 300w, https:\/\/sogesti.dev\/apps1\/wp-content\/uploads\/2025\/05\/POS9-768x486.png 768w, https:\/\/sogesti.dev\/apps1\/wp-content\/uploads\/2025\/05\/POS9.png 1178w\" sizes=\"(max-width: 1024px) 100vw, 1024px\" \/><\/figure>\n\n\n\n<p class=\"has-luminous-vivid-amber-color has-black-background-color has-text-color has-background has-link-color wp-elements-c255f19bf7115a72b11d37623a119647\"><strong>ProGescom est<\/strong> une solution riche en fonctionnalit\u00e9s pour les entreprises, qui offre une gestion administrative facile \u00e0 utiliser, une gestion des factures, une gestion des fournisseurs, un catalogage des produits, une gestion des cat\u00e9gories, une gestion des entrep\u00f4ts, une gestion des d\u00e9penses, une gestion des pr\u00eats, une gestion du personnel, une gestion des clients, une gestion \u00e9tendue des rapports et une configuration du syst\u00e8me.<br>Lors du d\u00e9veloppement de ce syst\u00e8me, nous avons tenu compte de tous les d\u00e9tails en fonction des besoins et des exigences de l&#8217;entreprise, tels que la gestion des stocks morts, la gestion des produits p\u00e9rim\u00e9s, la gestion des cr\u00e9dits et des clients pay\u00e9s, les factures pay\u00e9es\/non pay\u00e9es et les factures de d\u00e9penses ainsi que les rapports, les rapports de vente, les rapports sur les b\u00e9n\u00e9fices\/pertes et les rapports de d\u00e9penses, le tableau de bord avec des graphiques de vente interactifs.<br>Nous pouvons adapter cette gestion de stocks \u00e0 tous besoin<br>merci de nous contacter contact@ sogesti.fr<\/p>\n\n\n\n<p class=\"has-black-color has-text-color has-link-color wp-elements-1369bc6ed75cb9cdf57448a542c6d096\">Le syst\u00e8me <strong>ProGescom<\/strong> d\u00e9velopp\u00e9e par <strong>SOGESTI <\/strong>pr\u00e9sente les caract\u00e9ristiques suivantes :<br>Tableau de bord avec graphiques interactifs pour visualiser les rapports de vente.<br>Gestion des fournisseurs, pour ajouter de nouveaux fournisseurs et g\u00e9rer les fournisseurs existants.<br>Gestion des cat\u00e9gories, pour ajouter de nouvelles cat\u00e9gories de produits et modifier les cat\u00e9gories existantes.<br>La gestion des entrep\u00f4ts comprend l&#8217;ajout et la modification d&#8217;entrep\u00f4ts pour les stocks.<br>Gestion des produits\/stocks ; ajouter, modifier des produits.<br>Gestion des produits p\u00e9rim\u00e9s : ajout, modification et suppression du stock.<br>Gestion des stocks morts : ajouter, modifier et supprimer des produits p\u00e9rim\u00e9s.<br>Gestion des clients : gestion des clients existants, des clients pay\u00e9s et des clients cr\u00e9diteurs.<br>Gestion des factures : gestion des factures et des factures pay\u00e9es\/non pay\u00e9es.<br>Gestion des taxes et des remises pour ajouter des taxes et des remises aux factures.<br>Gestion des d\u00e9penses pour g\u00e9rer les d\u00e9penses et les d\u00e9penses pay\u00e9es\/non pay\u00e9es.<br>Gestion des pr\u00eats : gestion des pr\u00eateurs, ajout\/modification des pr\u00eats et des pr\u00eateurs.<br>La gestion du personnel permet de g\u00e9rer trois types de personnel : le super administrateur, le comptable et le vendeur.<br>Gestion des rapports : gestion du b\u00e9n\u00e9fice des ventes, du registre des pertes, du registre des ventes et du registre des d\u00e9penses.<br>Gestion de la configuration pour configurer le syst\u00e8me en fonction des besoins et des exigences de l&#8217;entreprise.<br><br><a href=\"https:\/\/script.viserlab.com\/torylab\/admin\" target=\"_blank\" rel=\"noreferrer noopener\">Voir d\u00e9mo <\/a><\/p>\n\n\n\n<figure class=\"wp-block-image size-large\"><img decoding=\"async\" width=\"1024\" height=\"450\" src=\"http:\/\/sogesti.dev\/apps1\/wp-content\/uploads\/2025\/05\/po0-1024x450.png\" alt=\"\" class=\"wp-image-126\" srcset=\"https:\/\/sogesti.dev\/apps1\/wp-content\/uploads\/2025\/05\/po0-1024x450.png 1024w, https:\/\/sogesti.dev\/apps1\/wp-content\/uploads\/2025\/05\/po0-300x132.png 300w, https:\/\/sogesti.dev\/apps1\/wp-content\/uploads\/2025\/05\/po0-768x338.png 768w, https:\/\/sogesti.dev\/apps1\/wp-content\/uploads\/2025\/05\/po0-1536x675.png 1536w, https:\/\/sogesti.dev\/apps1\/wp-content\/uploads\/2025\/05\/po0.png 2007w\" sizes=\"(max-width: 1024px) 100vw, 1024px\" \/><\/figure>\n","protected":false},"excerpt":{"rendered":"<p>ProGescom est une solution riche en fonctionnalit\u00e9s pour les entreprises, qui offre une [&hellip;]<\/p>\n","protected":false},"author":2,"featured_media":0,"parent":0,"menu_order":0,"comment_status":"closed","ping_status":"closed","template":"","meta":{"footnotes":""},"class_list":["post-94","page","type-page","status-publish","hentry"],"_links":{"self":[{"href":"https:\/\/sogesti.dev\/apps1\/wp-json\/wp\/v2\/pages\/94","targetHints":{"allow":["GET"]}}],"collection":[{"href":"https:\/\/sogesti.dev\/apps1\/wp-json\/wp\/v2\/pages"}],"about":[{"href":"https:\/\/sogesti.dev\/apps1\/wp-json\/wp\/v2\/types\/page"}],"author":[{"embeddable":true,"href":"https:\/\/sogesti.dev\/apps1\/wp-json\/wp\/v2\/users\/2"}],"replies":[{"embeddable":true,"href":"https:\/\/sogesti.dev\/apps1\/wp-json\/wp\/v2\/comments?post=94"}],"version-history":[{"count":7,"href":"https:\/\/sogesti.dev\/apps1\/wp-json\/wp\/v2\/pages\/94\/revisions"}],"predecessor-version":[{"id":127,"href":"https:\/\/sogesti.dev\/apps1\/wp-json\/wp\/v2\/pages\/94\/revisions\/127"}],"wp:attachment":[{"href":"https:\/\/sogesti.dev\/apps1\/wp-json\/wp\/v2\/media?parent=94"}],"curies":[{"name":"wp","href":"https:\/\/api.w.org\/{rel}","templated":true}]}}