{"id":412,"date":"2025-08-15T22:03:54","date_gmt":"2025-08-15T22:03:54","guid":{"rendered":"https:\/\/sogesti.dev\/apps1\/?page_id=412"},"modified":"2025-08-16T00:16:46","modified_gmt":"2025-08-16T00:16:46","slug":"ifitness","status":"publish","type":"page","link":"https:\/\/sogesti.dev\/apps1\/ifitness\/","title":{"rendered":"ifitness"},"content":{"rendered":"<p><img fetchpriority=\"high\" decoding=\"async\" class=\"alignnone size-medium wp-image-423\" src=\"http:\/\/sogesti.dev\/apps1\/wp-content\/uploads\/2025\/08\/man-1-1024x683-1-300x200.webp\" alt=\"\" width=\"300\" height=\"200\" srcset=\"https:\/\/sogesti.dev\/apps1\/wp-content\/uploads\/2025\/08\/man-1-1024x683-1-300x200.webp 300w, https:\/\/sogesti.dev\/apps1\/wp-content\/uploads\/2025\/08\/man-1-1024x683-1-768x512.webp 768w, https:\/\/sogesti.dev\/apps1\/wp-content\/uploads\/2025\/08\/man-1-1024x683-1.webp 1024w\" sizes=\"(max-width: 300px) 100vw, 300px\" \/> <img decoding=\"async\" class=\"alignnone size-medium wp-image-424\" src=\"http:\/\/sogesti.dev\/apps1\/wp-content\/uploads\/2025\/08\/sport1-300x200.webp\" alt=\"\" width=\"300\" height=\"200\" srcset=\"https:\/\/sogesti.dev\/apps1\/wp-content\/uploads\/2025\/08\/sport1-300x200.webp 300w, https:\/\/sogesti.dev\/apps1\/wp-content\/uploads\/2025\/08\/sport1.webp 480w\" sizes=\"(max-width: 300px) 100vw, 300px\" \/><\/p>\n<p><strong>Mise en place d&#8217;une application mobile de fitness payante\u00a0 par Manuela Coach Sportif<\/strong><\/p>\n<p><strong>Fonctionnalit\u00e9s<\/strong><\/p>\n<p>Exercices : acc\u00e9dez \u00e0 divers entra\u00eenements con\u00e7us pour tous les niveaux de forme physique.<\/p>\n<p>Entra\u00eenement personnalis\u00e9 : cr\u00e9ez des programmes d&#8217;entra\u00eenement personnalis\u00e9s adapt\u00e9s \u00e0 vos objectifs.<\/p>\n<p>Recettes saines : profitez de programmes alimentaires nutritifs pour une alimentation \u00e9quilibr\u00e9e.<\/p>\n<p>Boutique : achetez des \u00e9quipements de fitness et des compl\u00e9ments alimentaires.<\/p>\n<p>M\u00e9ditation : profitez de s\u00e9ances de m\u00e9ditation guid\u00e9es pour vous d\u00e9tendre.<\/p>\n<p>Exercices de respiration : utilisez des techniques pour am\u00e9liorer votre concentration et votre relaxation.<\/p>\n<p>Coach IA : recevez des recommandations d&#8217;entra\u00eenement personnalis\u00e9es gr\u00e2ce \u00e0 des algorithmes intelligents.<\/p>\n<p>D\u00e9fi fitness avec classement : affrontez d&#8217;autres utilisateurs et suivez vos progr\u00e8s sur un classement dynamique.<\/p>\n<p>Parrainez et gagnez : gagnez des r\u00e9compenses en parrainant l&#8217;application aupr\u00e8s de vos amis et de votre famille.<\/p>\n<p>Rappel : restez sur la bonne voie gr\u00e2ce \u00e0 des notifications programm\u00e9es pour vos entra\u00eenements et vos repas.<\/p>\n<p>Historique : consultez vos entra\u00eenements pass\u00e9s et suivez vos progr\u00e8s.<\/p>\n<p>Programme hebdomadaire : suivez des programmes de remise en forme hebdomadaires personnalis\u00e9s pour atteindre vos objectifs.<\/p>\n<p>Programme de d\u00e9fi de 30 jours : relevez des d\u00e9fis structur\u00e9s de 30 jours pour am\u00e9liorer votre condition physique.<\/p>\n<p>Programmes adapt\u00e9s \u00e0 votre morphologie : acc\u00e9dez \u00e0 des programmes d&#8217;entra\u00eenement personnalis\u00e9s en fonction de votre morphologie pour obtenir des r\u00e9sultats optimaux.<\/p>\n<p>Programmes personnalis\u00e9s : cr\u00e9ez et adaptez vos propres routines de remise en forme en fonction de vos besoins sp\u00e9cifiques.<\/p>\n<p><strong>Offre financi\u00e8re<\/strong><\/p>\n<p>Prix de d\u00e9veloppement application mobile avec interface de gestion admin: 3000 fr au lieu de 4500 fr<br \/>\nDur\u00e9e de mise en place 4 \u00e0 8 semaines ouvrables.<\/p>\n<p><strong>frais annuels<\/strong><br \/>\n-Abonnement annuel sur google play: 150 fr\/an<br \/>\n-Abonnement annuel sur Apple Store ios: 150 fr\/an<br \/>\n-Assistance technique et mises \u00e0 jours et Mise en place de s\u00e9curit\u00e9: 500 fr\/an<br \/>\n-Abonnement AI chatgbt: 200 fr\/an<\/p>\n<p>Demo<\/p>\n<h2 id=\"item-description__admin-panel\">Admin Panel<\/h2>\n<p>Application de gestion<\/p>\n<p><strong>Link:<\/strong>\u00a0<a href=\"https:\/\/development-fitme.cvinfotechserver.com\/controller\/login.php\" rel=\"nofollow\">Admin Panel<\/a><br \/>\n<strong>Email:<\/strong>\u00a0<a href=\"mailto:development@cvinfotech.com\">development@cvinfotech.com<\/a>\u00a0|\u00a0<strong>Password:<\/strong>\u00a0KxWh1@01<\/p>\n<p>&nbsp;<\/p>\n<p><img decoding=\"async\" class=\"alignnone size-medium wp-image-425\" src=\"http:\/\/sogesti.dev\/apps1\/wp-content\/uploads\/2025\/08\/ifit-300x169.png\" alt=\"\" width=\"300\" height=\"169\" srcset=\"https:\/\/sogesti.dev\/apps1\/wp-content\/uploads\/2025\/08\/ifit-300x169.png 300w, https:\/\/sogesti.dev\/apps1\/wp-content\/uploads\/2025\/08\/ifit-768x432.png 768w, https:\/\/sogesti.dev\/apps1\/wp-content\/uploads\/2025\/08\/ifit.png 857w\" sizes=\"(max-width: 300px) 100vw, 300px\" \/><\/p>\n<p>&nbsp;<\/p>\n<p>Constant<\/p>\n<p>076 583 2271<\/p>\n","protected":false},"excerpt":{"rendered":"<p>Mise en place d&#8217;une application mobile de fitness payante\u00a0 par Manuela Coach Sportif [&hellip;]<\/p>\n","protected":false},"author":2,"featured_media":0,"parent":0,"menu_order":0,"comment_status":"closed","ping_status":"closed","template":"","meta":{"footnotes":""},"class_list":["post-412","page","type-page","status-publish","hentry"],"_links":{"self":[{"href":"https:\/\/sogesti.dev\/apps1\/wp-json\/wp\/v2\/pages\/412","targetHints":{"allow":["GET"]}}],"collection":[{"href":"https:\/\/sogesti.dev\/apps1\/wp-json\/wp\/v2\/pages"}],"about":[{"href":"https:\/\/sogesti.dev\/apps1\/wp-json\/wp\/v2\/types\/page"}],"author":[{"embeddable":true,"href":"https:\/\/sogesti.dev\/apps1\/wp-json\/wp\/v2\/users\/2"}],"replies":[{"embeddable":true,"href":"https:\/\/sogesti.dev\/apps1\/wp-json\/wp\/v2\/comments?post=412"}],"version-history":[{"count":14,"href":"https:\/\/sogesti.dev\/apps1\/wp-json\/wp\/v2\/pages\/412\/revisions"}],"predecessor-version":[{"id":430,"href":"https:\/\/sogesti.dev\/apps1\/wp-json\/wp\/v2\/pages\/412\/revisions\/430"}],"wp:attachment":[{"href":"https:\/\/sogesti.dev\/apps1\/wp-json\/wp\/v2\/media?parent=412"}],"curies":[{"name":"wp","href":"https:\/\/api.w.org\/{rel}","templated":true}]}}