{"id":128,"date":"2025-05-07T22:10:24","date_gmt":"2025-05-07T22:10:24","guid":{"rendered":"https:\/\/darkblue-pheasant-639804.hostingersite.com\/?page_id=128"},"modified":"2025-05-07T22:10:24","modified_gmt":"2025-05-07T22:10:24","slug":"itiedata","status":"publish","type":"page","link":"https:\/\/sogesti.dev\/apps1\/itiedata\/","title":{"rendered":"iTieData"},"content":{"rendered":"\n<p>Syst\u00e8me Int\u00e9gr\u00e9 de Gestion des Ressources Extractives<\/p>\n\n\n\n<p><\/p>\n\n\n\n<p><a href=\"https:\/\/itietogo.com\/user\/login\" target=\"_blank\" rel=\"noreferrer noopener\">Voir d\u00e9mo<\/a><\/p>\n","protected":false},"excerpt":{"rendered":"<p>Syst\u00e8me Int\u00e9gr\u00e9 de Gestion des Ressources Extractives Voir d\u00e9mo [&hellip;]<\/p>\n","protected":false},"author":2,"featured_media":0,"parent":0,"menu_order":0,"comment_status":"closed","ping_status":"closed","template":"","meta":{"footnotes":""},"class_list":["post-128","page","type-page","status-publish","hentry"],"_links":{"self":[{"href":"https:\/\/sogesti.dev\/apps1\/wp-json\/wp\/v2\/pages\/128","targetHints":{"allow":["GET"]}}],"collection":[{"href":"https:\/\/sogesti.dev\/apps1\/wp-json\/wp\/v2\/pages"}],"about":[{"href":"https:\/\/sogesti.dev\/apps1\/wp-json\/wp\/v2\/types\/page"}],"author":[{"embeddable":true,"href":"https:\/\/sogesti.dev\/apps1\/wp-json\/wp\/v2\/users\/2"}],"replies":[{"embeddable":true,"href":"https:\/\/sogesti.dev\/apps1\/wp-json\/wp\/v2\/comments?post=128"}],"version-history":[{"count":1,"href":"https:\/\/sogesti.dev\/apps1\/wp-json\/wp\/v2\/pages\/128\/revisions"}],"predecessor-version":[{"id":129,"href":"https:\/\/sogesti.dev\/apps1\/wp-json\/wp\/v2\/pages\/128\/revisions\/129"}],"wp:attachment":[{"href":"https:\/\/sogesti.dev\/apps1\/wp-json\/wp\/v2\/media?parent=128"}],"curies":[{"name":"wp","href":"https:\/\/api.w.org\/{rel}","templated":true}]}}