{"id":119,"date":"2025-05-07T21:59:08","date_gmt":"2025-05-07T21:59:08","guid":{"rendered":"https:\/\/darkblue-pheasant-639804.hostingersite.com\/?page_id=119"},"modified":"2025-05-09T09:24:40","modified_gmt":"2025-05-09T09:24:40","slug":"prolabweb","status":"publish","type":"page","link":"https:\/\/sogesti.dev\/apps1\/prolabweb\/","title":{"rendered":"ProlabWeb"},"content":{"rendered":"\n<p>Prolabweb est une application pour g\u00e9rer le syst\u00e8me des laboratoires m\u00e9dicaux, car il r\u00e9pond \u00e0 tous les besoins des laboratoires m\u00e9dicaux sous tous leurs aspects professionnels, car il permet aux utilisateurs du syst\u00e8me d&#8217;entrer les r\u00e9sultats des rapports m\u00e9dicaux et facilite la communication et la coop\u00e9ration entre les employ\u00e9s du laboratoire et extrait tous les rapports requis du laboratoire et permet \u00e9galement aux patients de suivre leurs rapports m\u00e9dicaux, les branches de laboratoire, et de soumettre une demande<\/p>\n\n\n\n<p><strong>Nous avons d\u00e9velopp\u00e9 cette application nous m\u00eame. <\/strong><\/p>\n\n\n\n<figure class=\"wp-block-image size-large\"><img fetchpriority=\"high\" decoding=\"async\" width=\"1024\" height=\"525\" src=\"http:\/\/sogesti.dev\/apps1\/wp-content\/uploads\/2025\/05\/image_2025-05-09_112343175-1024x525.png\" alt=\"\" class=\"wp-image-139\" style=\"aspect-ratio:16\/9;object-fit:cover\" srcset=\"https:\/\/sogesti.dev\/apps1\/wp-content\/uploads\/2025\/05\/image_2025-05-09_112343175-1024x525.png 1024w, https:\/\/sogesti.dev\/apps1\/wp-content\/uploads\/2025\/05\/image_2025-05-09_112343175-300x154.png 300w, https:\/\/sogesti.dev\/apps1\/wp-content\/uploads\/2025\/05\/image_2025-05-09_112343175-768x394.png 768w, https:\/\/sogesti.dev\/apps1\/wp-content\/uploads\/2025\/05\/image_2025-05-09_112343175.png 1514w\" sizes=\"(max-width: 1024px) 100vw, 1024px\" \/><\/figure>\n\n\n\n<p><\/p>\n\n\n\n<p><br>Gestion des tests.<br>Gestion des cultures et des antibiotiques.<br>Liste de prix pour la gestion des tests et des cultures.<br>Gestion des m\u00e9decins.<br>Gestion des patients.<br>G\u00e9n\u00e9ration de re\u00e7us pour les patients.<br>Gestion compl\u00e8te du rapport d&#8217;examen du patient.<br>Impression du re\u00e7u du patient et du rapport de test.<br>Impression de codes-barres<br>Gestion des demandes de visites \u00e0 domicile des patients.<br>Affichage du programme des visites \u00e0 domicile par jour.<br>Syst\u00e8me de notification (message et visite \u00e0 domicile).<br>Cr\u00e9ation de contrats avec remises.<br>Multi-utilisateurs avec diff\u00e9rents r\u00f4les.<br>Laboratoire multi-branches.<br>Chat interne entre les employ\u00e9s du laboratoire.<br>Surveillance des utilisateurs en ligne.<br>Module de comptabilit\u00e9 (d\u00e9penses, revenus, b\u00e9n\u00e9fices).<br>Param\u00e8tres de configuration du laboratoire.<br>Possibilit\u00e9 de sauvegarder la base de donn\u00e9es.<br>Prise en charge du multilinguisme<br><br><a href=\"http:\/\/91.121.61.168:8085\/auth\/account\/sign_in\" target=\"_blank\" rel=\"noreferrer noopener\">Voir l&#8217;application<\/a><\/p>\n\n\n\n<figure class=\"wp-block-image size-large\"><img decoding=\"async\" width=\"1024\" height=\"511\" src=\"http:\/\/sogesti.dev\/apps1\/wp-content\/uploads\/2025\/05\/labo-1024x511.png\" alt=\"\" class=\"wp-image-122\" srcset=\"https:\/\/sogesti.dev\/apps1\/wp-content\/uploads\/2025\/05\/labo-1024x511.png 1024w, https:\/\/sogesti.dev\/apps1\/wp-content\/uploads\/2025\/05\/labo-300x150.png 300w, https:\/\/sogesti.dev\/apps1\/wp-content\/uploads\/2025\/05\/labo-768x383.png 768w, https:\/\/sogesti.dev\/apps1\/wp-content\/uploads\/2025\/05\/labo.png 1151w\" sizes=\"(max-width: 1024px) 100vw, 1024px\" \/><\/figure>\n","protected":false},"excerpt":{"rendered":"<p>Prolabweb est une application pour g\u00e9rer le syst\u00e8me des laboratoires m\u00e9dicaux, car il [&hellip;]<\/p>\n","protected":false},"author":2,"featured_media":0,"parent":0,"menu_order":0,"comment_status":"closed","ping_status":"closed","template":"","meta":{"footnotes":""},"class_list":["post-119","page","type-page","status-publish","hentry"],"_links":{"self":[{"href":"https:\/\/sogesti.dev\/apps1\/wp-json\/wp\/v2\/pages\/119","targetHints":{"allow":["GET"]}}],"collection":[{"href":"https:\/\/sogesti.dev\/apps1\/wp-json\/wp\/v2\/pages"}],"about":[{"href":"https:\/\/sogesti.dev\/apps1\/wp-json\/wp\/v2\/types\/page"}],"author":[{"embeddable":true,"href":"https:\/\/sogesti.dev\/apps1\/wp-json\/wp\/v2\/users\/2"}],"replies":[{"embeddable":true,"href":"https:\/\/sogesti.dev\/apps1\/wp-json\/wp\/v2\/comments?post=119"}],"version-history":[{"count":6,"href":"https:\/\/sogesti.dev\/apps1\/wp-json\/wp\/v2\/pages\/119\/revisions"}],"predecessor-version":[{"id":141,"href":"https:\/\/sogesti.dev\/apps1\/wp-json\/wp\/v2\/pages\/119\/revisions\/141"}],"wp:attachment":[{"href":"https:\/\/sogesti.dev\/apps1\/wp-json\/wp\/v2\/media?parent=119"}],"curies":[{"name":"wp","href":"https:\/\/api.w.org\/{rel}","templated":true}]}}